{"id":992,"date":"2024-10-10T19:09:33","date_gmt":"2024-10-10T17:09:33","guid":{"rendered":"https:\/\/cjib.cat\/quienes-somos\/que-hacemos\/"},"modified":"2024-11-08T16:29:27","modified_gmt":"2024-11-08T15:29:27","slug":"que-hacemos","status":"publish","type":"page","link":"https:\/\/cjib.cat\/es\/quienes-somos\/que-hacemos\/","title":{"rendered":"\u00bfQue hacemos?"},"content":{"rendered":"\n<div class=\"wp-block-group is-small-wide has-global-padding is-layout-constrained wp-block-group-is-layout-constrained\" style=\"padding-top:var(--wp--preset--spacing--m);padding-bottom:var(--wp--preset--spacing--m)\">\n<p class=\"has-text-align-center\">El Consejo se encarga de una serie de programas e iniciativas que destacan como parte integral de su labor.<\/p>\n<\/div>\n\n<div class=\"wp-block-group alignfull has-global-padding is-layout-constrained wp-container-core-group-is-layout-3ffbe739 wp-block-group-is-layout-constrained has-background\" style=\"margin-top:var(--wp--preset--spacing--l);padding-top:var(--wp--preset--spacing--xxl);padding-right:var(--wp--preset--spacing--s);padding-bottom:var(--wp--preset--spacing--xxl);padding-left:var(--wp--preset--spacing--s);background-image:url(&apos;http:\/\/cjib.cat\/wp-content\/uploads\/2024\/10\/que-feim-bg-green.jpg&apos;);background-size:cover;\">\n<h2 class=\"wp-block-heading has-text-align-center has-medium-font-size\" style=\"margin-bottom:var(--wp--preset--spacing--l)\">ENTIDADES<\/h2>\n\n\n\n<div class=\"wp-block-group is-mobile-wide has-global-padding is-layout-constrained wp-block-group-is-layout-constrained\">\n<p class=\"has-text-align-center\">Adem\u00e1s de nuestras propias reuniones y asambleas org\u00e1nicas, organizamos las siguientes actividades:<\/p>\n<\/div>\n\n\n\n<div class=\"wp-block-columns is-layout-flex wp-container-core-columns-is-layout-cf47e4c7 wp-block-columns-is-layout-flex\" style=\"padding-top:var(--wp--preset--spacing--l)\">\n<div class=\"wp-block-column is-layout-flow wp-block-column-is-layout-flow\">\n<h3 class=\"wp-block-heading has-text-align-center has-x-large-font-size\">ENCUENTRO DE ENTIDADES DE PRIMAVERA:<\/h3>\n\n\n\n<p class=\"has-text-align-center\">Jornadas de convivencia y formaci\u00f3n.<\/p>\n<\/div>\n\n\n\n<div class=\"wp-block-column is-layout-flow wp-container-core-column-is-layout-6fa465bf wp-block-column-is-layout-flow\">\n<h3 class=\"wp-block-heading has-text-align-center has-x-large-font-size\">FERIA DE ENTIDADES:<\/h3>\n\n\n\n<p class=\"has-text-align-center\">Jornada para exponer y dar a conocer nuestras entidades a la ciudadan\u00eda.<\/p>\n<\/div>\n<\/div>\n<\/div>\n\n<div class=\"wp-block-group alignfull has-global-padding is-layout-constrained wp-container-core-group-is-layout-0b2335d5 wp-block-group-is-layout-constrained\" style=\"padding-top:var(--wp--preset--spacing--xxl);padding-right:var(--wp--preset--spacing--s);padding-bottom:var(--wp--preset--spacing--xxl);padding-left:var(--wp--preset--spacing--s)\">\n<div class=\"wp-block-group is-small-wide has-global-padding is-layout-constrained wp-block-group-is-layout-constrained\">\n<h2 class=\"wp-block-heading has-text-align-center has-medium-font-size\" style=\"margin-bottom:var(--wp--preset--spacing--l)\">INCIDENCIA POL\u00cdTICA<\/h2>\n\n\n\n<p class=\"has-text-align-center text-with-highlighted\">El document <a href=\"http:\/\/cjib.cat\/wp-content\/uploads\/2024\/11\/FiltreJove.pdf\">#FiltreJove<\/a>, recull les nostres <strong>45 mesures base de propostes de joventut<\/strong> i, juntament amb les resolucions del CJIB, conformen el corpus de posicionaments i demandes del CJIB. Aquests posicionaments i demandes es defensen en nombroses comissions del GOIB on el CJIB participa. <\/p>\n\n\n\n<p class=\"has-text-align-center\">Adem\u00e1s, se publican de manera semestral los datos del <strong>Observatorio de Emancipaci\u00f3n<\/strong>.<\/p>\n\n\n\n<div class=\"wp-block-buttons is-content-justification-center is-layout-flex wp-container-core-buttons-is-layout-a89b3969 wp-block-buttons-is-layout-flex\">\n<div class=\"wp-block-button\"><a class=\"wp-block-button__link wp-element-button\">Ir a los datos del Observatorio de Emancipaci\u00f3n<\/a><\/div>\n<\/div>\n<\/div>\n<\/div>\n\n<div class=\"wp-block-group alignfull has-global-padding is-layout-constrained wp-container-core-group-is-layout-3ffbe739 wp-block-group-is-layout-constrained has-background\" style=\"margin-top:var(--wp--preset--spacing--l);padding-top:var(--wp--preset--spacing--xxl);padding-right:var(--wp--preset--spacing--s);padding-bottom:var(--wp--preset--spacing--xxl);padding-left:var(--wp--preset--spacing--s);background-image:url(&apos;http:\/\/cjib.cat\/wp-content\/uploads\/2024\/10\/forum-bg.jpg&apos;);background-position:49% 0%;background-size:cover;\">\n<h2 class=\"wp-block-heading has-text-align-center has-medium-font-size\" style=\"margin-bottom:var(--wp--preset--spacing--l)\">PARALELAMENTE, OFRECEMOS<\/h2>\n\n\n\n<div class=\"wp-block-columns is-layout-flex wp-container-core-columns-is-layout-cf47e4c7 wp-block-columns-is-layout-flex\" style=\"padding-top:var(--wp--preset--spacing--l)\">\n<div class=\"wp-block-column is-layout-flow wp-container-core-column-is-layout-ed9b32d5 wp-block-column-is-layout-flow\">\n<h3 class=\"wp-block-heading has-text-align-center has-x-large-font-size\">FORMACIONES<\/h3>\n\n\n\n<p class=\"has-text-align-center\">A nuestras entidades.<\/p>\n\n\n\n<div class=\"wp-block-buttons is-content-justification-center is-layout-flex wp-container-core-buttons-is-layout-a89b3969 wp-block-buttons-is-layout-flex\">\n<div class=\"wp-block-button\"><a class=\"wp-block-button__link wp-element-button\">M\u00e1s informaci\u00f3n<\/a><\/div>\n<\/div>\n<\/div>\n\n\n\n<div class=\"wp-block-column is-layout-flow wp-container-core-column-is-layout-ed9b32d5 wp-block-column-is-layout-flow\">\n<h3 class=\"wp-block-heading has-text-align-center has-x-large-font-size\">RECURSOS DIVERSOS<\/h3>\n\n\n\n<p class=\"has-text-align-center\">(espacio de la sede y material del CJIB) para sus actividades<\/p>\n\n\n\n<div class=\"wp-block-buttons is-content-justification-center is-layout-flex wp-container-core-buttons-is-layout-a89b3969 wp-block-buttons-is-layout-flex\">\n<div class=\"wp-block-button\"><a class=\"wp-block-button__link wp-element-button\">Visitar los recursos<\/a><\/div>\n<\/div>\n<\/div>\n<\/div>\n<\/div>\n\n<div class=\"wp-block-group alignfull has-global-padding is-layout-constrained wp-container-core-group-is-layout-0b2335d5 wp-block-group-is-layout-constrained\" style=\"padding-top:var(--wp--preset--spacing--xxl);padding-right:var(--wp--preset--spacing--s);padding-bottom:var(--wp--preset--spacing--xxl);padding-left:var(--wp--preset--spacing--s)\">\n<div class=\"wp-block-group is-small-wide has-global-padding is-layout-constrained wp-block-group-is-layout-constrained\">\n<h2 class=\"wp-block-heading has-text-align-center has-medium-font-size\" style=\"margin-bottom:var(--wp--preset--spacing--l)\">RELACIONES EXTERNAS<\/h2>\n\n\n\n<p class=\"has-text-align-center\">El CJIB es miembro de pleno derecho del <a href=\"https:\/\/www.cje.org\/ca\/\"><strong>Consejo de la Juventud de Espa\u00f1a (CJE)<\/strong><\/a> y<br\/>tambi\u00e9n forma parte de la <strong><a href=\"https:\/\/www.instagram.com\/trianglejove\/\">Fundaci\u00f3 Triangle Jove<\/a><\/strong>, que organiza encuentros anuales para las entidades de la Comunidad Valenciana, de las Islas Baleares y de Catalu\u00f1a, con el objetivo de <mark style=\"background-color:#a4ebe5\" class=\"has-inline-color\">compartir buenas pr\u00e1cticas y fomentar la cultura<\/mark>.<\/p>\n<\/div>\n<\/div>\n","protected":false},"excerpt":{"rendered":"<p>El Consejo se encarga de una serie de programas e iniciativas que destacan como parte integral de su labor. ENTIDADES Adem\u00e1s de nuestras propias reuniones y asambleas org\u00e1nicas, organizamos las siguientes actividades: ENCUENTRO DE ENTIDADES DE PRIMAVERA: Jornadas de convivencia y formaci\u00f3n. FERIA DE ENTIDADES: Jornada para exponer y dar a conocer nuestras entidades a [&hellip;]<\/p>\n","protected":false},"author":1,"featured_media":0,"parent":954,"menu_order":1,"comment_status":"closed","ping_status":"closed","template":"","meta":{"_acf_changed":false,"footnotes":""},"class_list":["post-992","page","type-page","status-publish","hentry"],"acf":[],"yoast_head":"<!-- This site is optimized with the Yoast SEO plugin v27.3 - https:\/\/yoast.com\/product\/yoast-seo-wordpress\/ -->\n<title>\u00bfQue hacemos? - Consell de Joventut de les Illes Balears<\/title>\n<meta name=\"robots\" content=\"index, follow, max-snippet:-1, max-image-preview:large, max-video-preview:-1\" \/>\n<link rel=\"canonical\" href=\"https:\/\/cjib.cat\/es\/quienes-somos\/que-hacemos\/\" \/>\n<meta property=\"og:locale\" content=\"es_ES\" \/>\n<meta property=\"og:type\" content=\"article\" \/>\n<meta property=\"og:title\" content=\"\u00bfQue hacemos? - Consell de Joventut de les Illes Balears\" \/>\n<meta property=\"og:description\" content=\"El Consejo se encarga de una serie de programas e iniciativas que destacan como parte integral de su labor. ENTIDADES Adem\u00e1s de nuestras propias reuniones y asambleas org\u00e1nicas, organizamos las siguientes actividades: ENCUENTRO DE ENTIDADES DE PRIMAVERA: Jornadas de convivencia y formaci\u00f3n. FERIA DE ENTIDADES: Jornada para exponer y dar a conocer nuestras entidades a [&hellip;]\" \/>\n<meta property=\"og:url\" content=\"https:\/\/cjib.cat\/es\/quienes-somos\/que-hacemos\/\" \/>\n<meta property=\"og:site_name\" content=\"Consell de Joventut de les Illes Balears\" \/>\n<meta property=\"article:modified_time\" content=\"2024-11-08T15:29:27+00:00\" \/>\n<meta name=\"twitter:card\" content=\"summary_large_image\" \/>\n<meta name=\"twitter:label1\" content=\"Tiempo de lectura\" \/>\n\t<meta name=\"twitter:data1\" content=\"1 minuto\" \/>\n<script type=\"application\/ld+json\" class=\"yoast-schema-graph\">{\"@context\":\"https:\\\/\\\/schema.org\",\"@graph\":[{\"@type\":\"WebPage\",\"@id\":\"https:\\\/\\\/cjib.cat\\\/es\\\/quienes-somos\\\/que-hacemos\\\/\",\"url\":\"https:\\\/\\\/cjib.cat\\\/es\\\/quienes-somos\\\/que-hacemos\\\/\",\"name\":\"\u00bfQue hacemos? - Consell de Joventut de les Illes Balears\",\"isPartOf\":{\"@id\":\"http:\\\/\\\/cjib.cat\\\/#website\"},\"datePublished\":\"2024-10-10T17:09:33+00:00\",\"dateModified\":\"2024-11-08T15:29:27+00:00\",\"breadcrumb\":{\"@id\":\"https:\\\/\\\/cjib.cat\\\/es\\\/quienes-somos\\\/que-hacemos\\\/#breadcrumb\"},\"inLanguage\":\"es\",\"potentialAction\":[{\"@type\":\"ReadAction\",\"target\":[\"https:\\\/\\\/cjib.cat\\\/es\\\/quienes-somos\\\/que-hacemos\\\/\"]}]},{\"@type\":\"BreadcrumbList\",\"@id\":\"https:\\\/\\\/cjib.cat\\\/es\\\/quienes-somos\\\/que-hacemos\\\/#breadcrumb\",\"itemListElement\":[{\"@type\":\"ListItem\",\"position\":1,\"name\":\"\",\"item\":\"https:\\\/\\\/cjib.cat\\\/es\\\/\"},{\"@type\":\"ListItem\",\"position\":2,\"name\":\"Qui\u00e9nes somos\",\"item\":\"https:\\\/\\\/cjib.cat\\\/es\\\/quienes-somos\\\/\"},{\"@type\":\"ListItem\",\"position\":3,\"name\":\"\u00bfQue hacemos?\"}]},{\"@type\":\"WebSite\",\"@id\":\"http:\\\/\\\/cjib.cat\\\/#website\",\"url\":\"http:\\\/\\\/cjib.cat\\\/\",\"name\":\"Consell de Joventut de les Illes Balears\",\"description\":\"\",\"publisher\":{\"@id\":\"http:\\\/\\\/cjib.cat\\\/#organization\"},\"potentialAction\":[{\"@type\":\"SearchAction\",\"target\":{\"@type\":\"EntryPoint\",\"urlTemplate\":\"http:\\\/\\\/cjib.cat\\\/?s={search_term_string}\"},\"query-input\":{\"@type\":\"PropertyValueSpecification\",\"valueRequired\":true,\"valueName\":\"search_term_string\"}}],\"inLanguage\":\"es\"},{\"@type\":\"Organization\",\"@id\":\"http:\\\/\\\/cjib.cat\\\/#organization\",\"name\":\"Consell de Joventut de les Illes Balears\",\"url\":\"http:\\\/\\\/cjib.cat\\\/\",\"logo\":{\"@type\":\"ImageObject\",\"inLanguage\":\"es\",\"@id\":\"http:\\\/\\\/cjib.cat\\\/#\\\/schema\\\/logo\\\/image\\\/\",\"url\":\"https:\\\/\\\/cjib.cat\\\/wp-content\\\/uploads\\\/2024\\\/06\\\/Marca.svg\",\"contentUrl\":\"https:\\\/\\\/cjib.cat\\\/wp-content\\\/uploads\\\/2024\\\/06\\\/Marca.svg\",\"width\":255,\"height\":48,\"caption\":\"Consell de Joventut de les Illes Balears\"},\"image\":{\"@id\":\"http:\\\/\\\/cjib.cat\\\/#\\\/schema\\\/logo\\\/image\\\/\"}}]}<\/script>\n<!-- \/ Yoast SEO plugin. -->","yoast_head_json":{"title":"\u00bfQue hacemos? - Consell de Joventut de les Illes Balears","robots":{"index":"index","follow":"follow","max-snippet":"max-snippet:-1","max-image-preview":"max-image-preview:large","max-video-preview":"max-video-preview:-1"},"canonical":"https:\/\/cjib.cat\/es\/quienes-somos\/que-hacemos\/","og_locale":"es_ES","og_type":"article","og_title":"\u00bfQue hacemos? - Consell de Joventut de les Illes Balears","og_description":"El Consejo se encarga de una serie de programas e iniciativas que destacan como parte integral de su labor. ENTIDADES Adem\u00e1s de nuestras propias reuniones y asambleas org\u00e1nicas, organizamos las siguientes actividades: ENCUENTRO DE ENTIDADES DE PRIMAVERA: Jornadas de convivencia y formaci\u00f3n. FERIA DE ENTIDADES: Jornada para exponer y dar a conocer nuestras entidades a [&hellip;]","og_url":"https:\/\/cjib.cat\/es\/quienes-somos\/que-hacemos\/","og_site_name":"Consell de Joventut de les Illes Balears","article_modified_time":"2024-11-08T15:29:27+00:00","twitter_card":"summary_large_image","twitter_misc":{"Tiempo de lectura":"1 minuto"},"schema":{"@context":"https:\/\/schema.org","@graph":[{"@type":"WebPage","@id":"https:\/\/cjib.cat\/es\/quienes-somos\/que-hacemos\/","url":"https:\/\/cjib.cat\/es\/quienes-somos\/que-hacemos\/","name":"\u00bfQue hacemos? - Consell de Joventut de les Illes Balears","isPartOf":{"@id":"http:\/\/cjib.cat\/#website"},"datePublished":"2024-10-10T17:09:33+00:00","dateModified":"2024-11-08T15:29:27+00:00","breadcrumb":{"@id":"https:\/\/cjib.cat\/es\/quienes-somos\/que-hacemos\/#breadcrumb"},"inLanguage":"es","potentialAction":[{"@type":"ReadAction","target":["https:\/\/cjib.cat\/es\/quienes-somos\/que-hacemos\/"]}]},{"@type":"BreadcrumbList","@id":"https:\/\/cjib.cat\/es\/quienes-somos\/que-hacemos\/#breadcrumb","itemListElement":[{"@type":"ListItem","position":1,"name":"","item":"https:\/\/cjib.cat\/es\/"},{"@type":"ListItem","position":2,"name":"Qui\u00e9nes somos","item":"https:\/\/cjib.cat\/es\/quienes-somos\/"},{"@type":"ListItem","position":3,"name":"\u00bfQue hacemos?"}]},{"@type":"WebSite","@id":"http:\/\/cjib.cat\/#website","url":"http:\/\/cjib.cat\/","name":"Consell de Joventut de les Illes Balears","description":"","publisher":{"@id":"http:\/\/cjib.cat\/#organization"},"potentialAction":[{"@type":"SearchAction","target":{"@type":"EntryPoint","urlTemplate":"http:\/\/cjib.cat\/?s={search_term_string}"},"query-input":{"@type":"PropertyValueSpecification","valueRequired":true,"valueName":"search_term_string"}}],"inLanguage":"es"},{"@type":"Organization","@id":"http:\/\/cjib.cat\/#organization","name":"Consell de Joventut de les Illes Balears","url":"http:\/\/cjib.cat\/","logo":{"@type":"ImageObject","inLanguage":"es","@id":"http:\/\/cjib.cat\/#\/schema\/logo\/image\/","url":"https:\/\/cjib.cat\/wp-content\/uploads\/2024\/06\/Marca.svg","contentUrl":"https:\/\/cjib.cat\/wp-content\/uploads\/2024\/06\/Marca.svg","width":255,"height":48,"caption":"Consell de Joventut de les Illes Balears"},"image":{"@id":"http:\/\/cjib.cat\/#\/schema\/logo\/image\/"}}]}},"_links":{"self":[{"href":"https:\/\/cjib.cat\/es\/wp-json\/wp\/v2\/pages\/992","targetHints":{"allow":["GET"]}}],"collection":[{"href":"https:\/\/cjib.cat\/es\/wp-json\/wp\/v2\/pages"}],"about":[{"href":"https:\/\/cjib.cat\/es\/wp-json\/wp\/v2\/types\/page"}],"author":[{"embeddable":true,"href":"https:\/\/cjib.cat\/es\/wp-json\/wp\/v2\/users\/1"}],"replies":[{"embeddable":true,"href":"https:\/\/cjib.cat\/es\/wp-json\/wp\/v2\/comments?post=992"}],"version-history":[{"count":2,"href":"https:\/\/cjib.cat\/es\/wp-json\/wp\/v2\/pages\/992\/revisions"}],"predecessor-version":[{"id":1124,"href":"https:\/\/cjib.cat\/es\/wp-json\/wp\/v2\/pages\/992\/revisions\/1124"}],"up":[{"embeddable":true,"href":"https:\/\/cjib.cat\/es\/wp-json\/wp\/v2\/pages\/954"}],"wp:attachment":[{"href":"https:\/\/cjib.cat\/es\/wp-json\/wp\/v2\/media?parent=992"}],"curies":[{"name":"wp","href":"https:\/\/api.w.org\/{rel}","templated":true}]}}