{"id":983,"date":"2024-10-07T19:09:36","date_gmt":"2024-10-07T17:09:36","guid":{"rendered":"https:\/\/cjib.cat\/quienes-somos\/organigrama\/"},"modified":"2026-02-10T11:33:57","modified_gmt":"2026-02-10T10:33:57","slug":"organigrama","status":"publish","type":"page","link":"https:\/\/cjib.cat\/es\/quienes-somos\/organigrama\/","title":{"rendered":"Organigrama"},"content":{"rendered":"\n<p class=\"has-text-align-center has-anton-font-family has-medium-font-size\">CJIB<\/p>\n\n<h1 class=\"wp-block-heading has-text-align-center has-heading-3-font-size\">ORGANIGRAMA<\/h1>\n\n<p class=\"has-text-align-center\" style=\"margin-top:var(--wp--preset--spacing--m);margin-bottom:var(--wp--preset--spacing--m)\">La Comisi\u00f3n Permanente est\u00e1 formada por:<\/p>\n\n<div class=\"wp-block-group organigrama has-global-padding is-layout-constrained wp-block-group-is-layout-constrained\">\n<div class=\"wp-block-columns is-layout-flex wp-container-core-columns-is-layout-28f84493 wp-block-columns-is-layout-flex\">\n<div class=\"wp-block-column is-layout-flow wp-block-column-is-layout-flow\" style=\"padding-top:var(--wp--preset--spacing--m);padding-right:var(--wp--preset--spacing--s);padding-bottom:var(--wp--preset--spacing--m);padding-left:var(--wp--preset--spacing--s)\">\n<figure class=\"wp-block-image aligncenter size-medium has-custom-border\"><img loading=\"lazy\" decoding=\"async\" width=\"300\" height=\"300\" src=\"https:\/\/cjib.cat\/wp-content\/uploads\/2025\/03\/POST-PRESENTACION_Pau-300x300.jpg\" alt=\"\" class=\"wp-image-1391\" style=\"border-radius:16px;aspect-ratio:3\/2;object-fit:cover\" srcset=\"https:\/\/cjib.cat\/wp-content\/uploads\/2025\/03\/POST-PRESENTACION_Pau-300x300.jpg 300w, https:\/\/cjib.cat\/wp-content\/uploads\/2025\/03\/POST-PRESENTACION_Pau-1024x1024.jpg 1024w, https:\/\/cjib.cat\/wp-content\/uploads\/2025\/03\/POST-PRESENTACION_Pau-150x150.jpg 150w, https:\/\/cjib.cat\/wp-content\/uploads\/2025\/03\/POST-PRESENTACION_Pau-768x768.jpg 768w, https:\/\/cjib.cat\/wp-content\/uploads\/2025\/03\/POST-PRESENTACION_Pau-1536x1536.jpg 1536w, https:\/\/cjib.cat\/wp-content\/uploads\/2025\/03\/POST-PRESENTACION_Pau-2048x2048.jpg 2048w\" sizes=\"auto, (max-width: 300px) 100vw, 300px\" \/><\/figure>\n\n\n\n<div class=\"wp-block-group text-center has-global-padding is-layout-constrained wp-block-group-is-layout-constrained\">\n<p class=\"has-text-align-center highlighted has-small-font-size\">Pau Emili Mu\u00f1oz Canyelles<\/p>\n\n\n\n<p class=\"has-text-align-center has-anton-font-family has-small-font-size\">PRESIDENTE<\/p>\n<\/div>\n<\/div>\n\n\n\n<div class=\"wp-block-column is-layout-flow wp-block-column-is-layout-flow\" style=\"padding-top:var(--wp--preset--spacing--m);padding-right:var(--wp--preset--spacing--s);padding-bottom:var(--wp--preset--spacing--m);padding-left:var(--wp--preset--spacing--s)\">\n<figure class=\"wp-block-image aligncenter size-medium has-custom-border\"><img loading=\"lazy\" decoding=\"async\" width=\"300\" height=\"300\" src=\"https:\/\/cjib.cat\/wp-content\/uploads\/2025\/03\/POST-PRESENTACION_Margarita-300x300.jpg\" alt=\"\" class=\"wp-image-1393\" style=\"border-radius:16px;aspect-ratio:3\/2;object-fit:cover\" srcset=\"https:\/\/cjib.cat\/wp-content\/uploads\/2025\/03\/POST-PRESENTACION_Margarita-300x300.jpg 300w, https:\/\/cjib.cat\/wp-content\/uploads\/2025\/03\/POST-PRESENTACION_Margarita-1024x1024.jpg 1024w, https:\/\/cjib.cat\/wp-content\/uploads\/2025\/03\/POST-PRESENTACION_Margarita-150x150.jpg 150w, https:\/\/cjib.cat\/wp-content\/uploads\/2025\/03\/POST-PRESENTACION_Margarita-768x768.jpg 768w, https:\/\/cjib.cat\/wp-content\/uploads\/2025\/03\/POST-PRESENTACION_Margarita-1536x1536.jpg 1536w, https:\/\/cjib.cat\/wp-content\/uploads\/2025\/03\/POST-PRESENTACION_Margarita-2048x2048.jpg 2048w\" sizes=\"auto, (max-width: 300px) 100vw, 300px\" \/><\/figure>\n\n\n\n<div class=\"wp-block-group text-center has-global-padding is-layout-constrained wp-block-group-is-layout-constrained\">\n<p class=\"has-text-align-center highlighted has-small-font-size\">Margarita de Noia Blanc<\/p>\n\n\n\n<p class=\"has-text-align-center has-anton-font-family has-small-font-size\">VICEPRESIDENTA DE ENTIDADES<\/p>\n<\/div>\n<\/div>\n<\/div>\n\n\n\n<div class=\"wp-block-columns is-layout-flex wp-container-core-columns-is-layout-28f84493 wp-block-columns-is-layout-flex\">\n<div class=\"wp-block-column is-layout-flow wp-block-column-is-layout-flow\" style=\"padding-top:var(--wp--preset--spacing--m);padding-right:var(--wp--preset--spacing--s);padding-bottom:var(--wp--preset--spacing--m);padding-left:var(--wp--preset--spacing--s)\">\n<figure class=\"wp-block-image aligncenter size-medium has-custom-border\"><img loading=\"lazy\" decoding=\"async\" width=\"300\" height=\"300\" src=\"https:\/\/cjib.cat\/wp-content\/uploads\/2025\/03\/POST-PRESENTACION__Antonia-300x300.jpg\" alt=\"\" class=\"wp-image-1400\" style=\"border-radius:16px;aspect-ratio:3\/2;object-fit:cover\" srcset=\"https:\/\/cjib.cat\/wp-content\/uploads\/2025\/03\/POST-PRESENTACION__Antonia-300x300.jpg 300w, https:\/\/cjib.cat\/wp-content\/uploads\/2025\/03\/POST-PRESENTACION__Antonia-1024x1024.jpg 1024w, https:\/\/cjib.cat\/wp-content\/uploads\/2025\/03\/POST-PRESENTACION__Antonia-150x150.jpg 150w, https:\/\/cjib.cat\/wp-content\/uploads\/2025\/03\/POST-PRESENTACION__Antonia-768x768.jpg 768w, https:\/\/cjib.cat\/wp-content\/uploads\/2025\/03\/POST-PRESENTACION__Antonia-1536x1536.jpg 1536w, https:\/\/cjib.cat\/wp-content\/uploads\/2025\/03\/POST-PRESENTACION__Antonia-2048x2048.jpg 2048w\" sizes=\"auto, (max-width: 300px) 100vw, 300px\" \/><\/figure>\n\n\n\n<div class=\"wp-block-group text-center has-global-padding is-layout-constrained wp-block-group-is-layout-constrained\">\n<p class=\"has-text-align-center highlighted has-small-font-size\">Ant\u00f2nia Salas Socias<\/p>\n\n\n\n<p class=\"has-text-align-center has-anton-font-family has-small-font-size\">VICEPRESIDENTA D&#8217;INCID\u00c8NCIA POL\u00cdTICA<\/p>\n<\/div>\n<\/div>\n\n\n\n<div class=\"wp-block-column is-layout-flow wp-block-column-is-layout-flow\" style=\"padding-top:var(--wp--preset--spacing--m);padding-right:var(--wp--preset--spacing--s);padding-bottom:var(--wp--preset--spacing--m);padding-left:var(--wp--preset--spacing--s)\">\n<figure class=\"wp-block-image aligncenter size-medium has-custom-border\"><img loading=\"lazy\" decoding=\"async\" width=\"300\" height=\"300\" src=\"https:\/\/cjib.cat\/wp-content\/uploads\/2025\/03\/POSTS-PRESENTACION_Francisco-300x300.jpg\" alt=\"\" class=\"wp-image-1398\" style=\"border-radius:16px;aspect-ratio:3\/2;object-fit:cover\" srcset=\"https:\/\/cjib.cat\/wp-content\/uploads\/2025\/03\/POSTS-PRESENTACION_Francisco-300x300.jpg 300w, https:\/\/cjib.cat\/wp-content\/uploads\/2025\/03\/POSTS-PRESENTACION_Francisco-1024x1024.jpg 1024w, https:\/\/cjib.cat\/wp-content\/uploads\/2025\/03\/POSTS-PRESENTACION_Francisco-150x150.jpg 150w, https:\/\/cjib.cat\/wp-content\/uploads\/2025\/03\/POSTS-PRESENTACION_Francisco-768x768.jpg 768w, https:\/\/cjib.cat\/wp-content\/uploads\/2025\/03\/POSTS-PRESENTACION_Francisco-1536x1536.jpg 1536w, https:\/\/cjib.cat\/wp-content\/uploads\/2025\/03\/POSTS-PRESENTACION_Francisco-2048x2048.jpg 2048w\" sizes=\"auto, (max-width: 300px) 100vw, 300px\" \/><\/figure>\n\n\n\n<div class=\"wp-block-group text-center has-global-padding is-layout-constrained wp-block-group-is-layout-constrained\">\n<p class=\"has-text-align-center highlighted has-small-font-size\">Xisco Bibiloni Rotger<\/p>\n\n\n\n<p class=\"has-text-align-center has-anton-font-family has-small-font-size\">TRESORER<\/p>\n<\/div>\n<\/div>\n<\/div>\n\n\n\n<div class=\"wp-block-columns is-layout-flex wp-container-core-columns-is-layout-28f84493 wp-block-columns-is-layout-flex\">\n<div class=\"wp-block-column is-layout-flow wp-block-column-is-layout-flow\" style=\"padding-top:var(--wp--preset--spacing--m);padding-right:var(--wp--preset--spacing--s);padding-bottom:var(--wp--preset--spacing--m);padding-left:var(--wp--preset--spacing--s)\">\n<figure class=\"wp-block-image aligncenter size-medium has-custom-border\"><img loading=\"lazy\" decoding=\"async\" width=\"300\" height=\"300\" src=\"https:\/\/cjib.cat\/wp-content\/uploads\/2025\/03\/POST-PRESENTACION_Alvaro-300x300.jpg\" alt=\"\" class=\"wp-image-1396\" style=\"border-radius:16px;aspect-ratio:3\/2;object-fit:cover\" srcset=\"https:\/\/cjib.cat\/wp-content\/uploads\/2025\/03\/POST-PRESENTACION_Alvaro-300x300.jpg 300w, https:\/\/cjib.cat\/wp-content\/uploads\/2025\/03\/POST-PRESENTACION_Alvaro-1024x1024.jpg 1024w, https:\/\/cjib.cat\/wp-content\/uploads\/2025\/03\/POST-PRESENTACION_Alvaro-150x150.jpg 150w, https:\/\/cjib.cat\/wp-content\/uploads\/2025\/03\/POST-PRESENTACION_Alvaro-768x768.jpg 768w, https:\/\/cjib.cat\/wp-content\/uploads\/2025\/03\/POST-PRESENTACION_Alvaro-1536x1536.jpg 1536w, https:\/\/cjib.cat\/wp-content\/uploads\/2025\/03\/POST-PRESENTACION_Alvaro-2048x2048.jpg 2048w\" sizes=\"auto, (max-width: 300px) 100vw, 300px\" \/><\/figure>\n\n\n\n<div class=\"wp-block-group text-center has-global-padding is-layout-constrained wp-block-group-is-layout-constrained\">\n<p class=\"has-text-align-center highlighted has-small-font-size\">\u00c1lvaro Bonet Santacruz<\/p>\n\n\n\n<p class=\"has-text-align-center has-anton-font-family has-small-font-size\">SECRETARI<\/p>\n<\/div>\n<\/div>\n\n\n\n<div class=\"wp-block-column is-layout-flow wp-block-column-is-layout-flow\" style=\"padding-top:var(--wp--preset--spacing--m);padding-right:var(--wp--preset--spacing--s);padding-bottom:var(--wp--preset--spacing--m);padding-left:var(--wp--preset--spacing--s)\">\n<figure class=\"wp-block-image aligncenter size-medium has-custom-border\"><img loading=\"lazy\" decoding=\"async\" width=\"300\" height=\"300\" src=\"https:\/\/cjib.cat\/wp-content\/uploads\/2025\/03\/POSTS-PRESENTACION_Ariadna-300x300.jpg\" alt=\"\" class=\"wp-image-1402\" style=\"border-radius:16px;aspect-ratio:3\/2;object-fit:cover\" srcset=\"https:\/\/cjib.cat\/wp-content\/uploads\/2025\/03\/POSTS-PRESENTACION_Ariadna-300x300.jpg 300w, https:\/\/cjib.cat\/wp-content\/uploads\/2025\/03\/POSTS-PRESENTACION_Ariadna-1024x1024.jpg 1024w, https:\/\/cjib.cat\/wp-content\/uploads\/2025\/03\/POSTS-PRESENTACION_Ariadna-150x150.jpg 150w, https:\/\/cjib.cat\/wp-content\/uploads\/2025\/03\/POSTS-PRESENTACION_Ariadna-768x768.jpg 768w, https:\/\/cjib.cat\/wp-content\/uploads\/2025\/03\/POSTS-PRESENTACION_Ariadna-1536x1536.jpg 1536w, https:\/\/cjib.cat\/wp-content\/uploads\/2025\/03\/POSTS-PRESENTACION_Ariadna-2048x2048.jpg 2048w\" sizes=\"auto, (max-width: 300px) 100vw, 300px\" \/><\/figure>\n\n\n\n<div class=\"wp-block-group text-center has-global-padding is-layout-constrained wp-block-group-is-layout-constrained\">\n<p class=\"has-text-align-center highlighted has-small-font-size\">Ariadna Garau Morilla<\/p>\n\n\n\n<p class=\"has-text-align-center has-anton-font-family has-small-font-size\">VOCAL<\/p>\n<\/div>\n<\/div>\n<\/div>\n\n\n\n<div class=\"wp-block-columns is-layout-flex wp-container-core-columns-is-layout-28f84493 wp-block-columns-is-layout-flex\">\n<div class=\"wp-block-column is-layout-flow wp-block-column-is-layout-flow\" style=\"padding-top:var(--wp--preset--spacing--m);padding-right:var(--wp--preset--spacing--s);padding-bottom:var(--wp--preset--spacing--m);padding-left:var(--wp--preset--spacing--s)\">\n<div class=\"wp-block-group text-center has-global-padding is-layout-constrained wp-block-group-is-layout-constrained\">\n<figure class=\"wp-block-image aligncenter size-medium is-resized has-custom-border\"><img loading=\"lazy\" decoding=\"async\" width=\"300\" height=\"200\" src=\"http:\/\/cjib.cat\/wp-content\/uploads\/2025\/05\/POSTS-PRESENTACION_Margalida-edited-300x200.jpg\" alt=\"\" class=\"wp-image-1660\" style=\"border-radius:16px;aspect-ratio:3\/2;object-fit:cover;width:300px;height:auto\" srcset=\"https:\/\/cjib.cat\/wp-content\/uploads\/2025\/05\/POSTS-PRESENTACION_Margalida-edited-300x200.jpg 300w, https:\/\/cjib.cat\/wp-content\/uploads\/2025\/05\/POSTS-PRESENTACION_Margalida-edited-1024x683.jpg 1024w, https:\/\/cjib.cat\/wp-content\/uploads\/2025\/05\/POSTS-PRESENTACION_Margalida-edited-768x512.jpg 768w, https:\/\/cjib.cat\/wp-content\/uploads\/2025\/05\/POSTS-PRESENTACION_Margalida-edited-1536x1024.jpg 1536w, https:\/\/cjib.cat\/wp-content\/uploads\/2025\/05\/POSTS-PRESENTACION_Margalida-edited-2048x1365.jpg 2048w\" sizes=\"auto, (max-width: 300px) 100vw, 300px\" \/><\/figure>\n\n\n\n<p class=\"has-text-align-center highlighted has-small-font-size\">Marga Tatiana Duran Nadal<\/p>\n\n\n\n<p class=\"has-text-align-center has-anton-font-family has-small-font-size\">VOCAL<\/p>\n<\/div>\n<\/div>\n\n\n\n<div class=\"wp-block-column is-layout-flow wp-block-column-is-layout-flow\" style=\"padding-top:var(--wp--preset--spacing--m);padding-right:var(--wp--preset--spacing--s);padding-bottom:var(--wp--preset--spacing--m);padding-left:var(--wp--preset--spacing--s)\">\n<div class=\"wp-block-group text-center has-global-padding is-layout-constrained wp-block-group-is-layout-constrained\">\n<figure class=\"wp-block-image aligncenter size-medium is-resized has-custom-border\"><img loading=\"lazy\" decoding=\"async\" width=\"300\" height=\"211\" src=\"http:\/\/cjib.cat\/wp-content\/uploads\/2026\/02\/WhatsApp-Image-2026-02-10-at-11.30.00-1-e1770719617567-300x211.jpeg\" alt=\"\" class=\"wp-image-1906\" style=\"border-radius:16px;aspect-ratio:3\/2;object-fit:cover;width:300px;height:auto\" srcset=\"https:\/\/cjib.cat\/wp-content\/uploads\/2026\/02\/WhatsApp-Image-2026-02-10-at-11.30.00-1-e1770719617567-300x211.jpeg 300w, https:\/\/cjib.cat\/wp-content\/uploads\/2026\/02\/WhatsApp-Image-2026-02-10-at-11.30.00-1-e1770719617567-1024x721.jpeg 1024w, https:\/\/cjib.cat\/wp-content\/uploads\/2026\/02\/WhatsApp-Image-2026-02-10-at-11.30.00-1-e1770719617567-768x541.jpeg 768w, https:\/\/cjib.cat\/wp-content\/uploads\/2026\/02\/WhatsApp-Image-2026-02-10-at-11.30.00-1-e1770719617567.jpeg 1200w\" sizes=\"auto, (max-width: 300px) 100vw, 300px\" \/><\/figure>\n\n\n\n<p class=\"has-text-align-center highlighted has-small-font-size\">Mart\u00ed Mus Tur<\/p>\n\n\n\n<p class=\"has-text-align-center has-anton-font-family has-small-font-size\">VOCAL<\/p>\n<\/div>\n<\/div>\n<\/div>\n\n\n\n<p><\/p>\n<\/div>\n\n<p><\/p>\n","protected":false},"excerpt":{"rendered":"<p>CJIB ORGANIGRAMA La Comisi\u00f3n Permanente est\u00e1 formada por: Pau Emili Mu\u00f1oz Canyelles PRESIDENTE Margarita de Noia Blanc VICEPRESIDENTA DE ENTIDADES Ant\u00f2nia Salas Socias VICEPRESIDENTA D&#8217;INCID\u00c8NCIA POL\u00cdTICA Xisco Bibiloni Rotger TRESORER \u00c1lvaro Bonet Santacruz SECRETARI Ariadna Garau Morilla VOCAL Marga Tatiana Duran Nadal VOCAL Mart\u00ed Mus Tur VOCAL<\/p>\n","protected":false},"author":1,"featured_media":0,"parent":954,"menu_order":1,"comment_status":"closed","ping_status":"closed","template":"page-no-title","meta":{"_acf_changed":false,"footnotes":""},"class_list":["post-983","page","type-page","status-publish","hentry"],"acf":[],"yoast_head":"<!-- This site is optimized with the Yoast SEO plugin v27.3 - https:\/\/yoast.com\/product\/yoast-seo-wordpress\/ -->\n<title>Organigrama - Consell de Joventut de les Illes Balears<\/title>\n<meta name=\"robots\" content=\"index, follow, max-snippet:-1, max-image-preview:large, max-video-preview:-1\" \/>\n<link rel=\"canonical\" href=\"https:\/\/cjib.cat\/es\/quienes-somos\/organigrama\/\" \/>\n<meta property=\"og:locale\" content=\"es_ES\" \/>\n<meta property=\"og:type\" content=\"article\" \/>\n<meta property=\"og:title\" content=\"Organigrama - Consell de Joventut de les Illes Balears\" \/>\n<meta property=\"og:description\" content=\"CJIB ORGANIGRAMA La Comisi\u00f3n Permanente est\u00e1 formada por: Pau Emili Mu\u00f1oz Canyelles PRESIDENTE Margarita de Noia Blanc VICEPRESIDENTA DE ENTIDADES Ant\u00f2nia Salas Socias VICEPRESIDENTA D&#8217;INCID\u00c8NCIA POL\u00cdTICA Xisco Bibiloni Rotger TRESORER \u00c1lvaro Bonet Santacruz SECRETARI Ariadna Garau Morilla VOCAL Marga Tatiana Duran Nadal VOCAL Mart\u00ed Mus Tur VOCAL\" \/>\n<meta property=\"og:url\" content=\"https:\/\/cjib.cat\/es\/quienes-somos\/organigrama\/\" \/>\n<meta property=\"og:site_name\" content=\"Consell de Joventut de les Illes Balears\" \/>\n<meta property=\"article:modified_time\" content=\"2026-02-10T10:33:57+00:00\" \/>\n<meta property=\"og:image\" content=\"https:\/\/cjib.cat\/wp-content\/uploads\/2025\/03\/POST-PRESENTACION_Pau-300x300.jpg\" \/>\n<meta name=\"twitter:card\" content=\"summary_large_image\" \/>\n<meta name=\"twitter:label1\" content=\"Tiempo de lectura\" \/>\n\t<meta name=\"twitter:data1\" content=\"2 minutos\" \/>\n<script type=\"application\/ld+json\" class=\"yoast-schema-graph\">{\"@context\":\"https:\\\/\\\/schema.org\",\"@graph\":[{\"@type\":\"WebPage\",\"@id\":\"https:\\\/\\\/cjib.cat\\\/es\\\/quienes-somos\\\/organigrama\\\/\",\"url\":\"https:\\\/\\\/cjib.cat\\\/es\\\/quienes-somos\\\/organigrama\\\/\",\"name\":\"Organigrama - Consell de Joventut de les Illes Balears\",\"isPartOf\":{\"@id\":\"http:\\\/\\\/cjib.cat\\\/#website\"},\"primaryImageOfPage\":{\"@id\":\"https:\\\/\\\/cjib.cat\\\/es\\\/quienes-somos\\\/organigrama\\\/#primaryimage\"},\"image\":{\"@id\":\"https:\\\/\\\/cjib.cat\\\/es\\\/quienes-somos\\\/organigrama\\\/#primaryimage\"},\"thumbnailUrl\":\"https:\\\/\\\/cjib.cat\\\/wp-content\\\/uploads\\\/2025\\\/03\\\/POST-PRESENTACION_Pau-300x300.jpg\",\"datePublished\":\"2024-10-07T17:09:36+00:00\",\"dateModified\":\"2026-02-10T10:33:57+00:00\",\"breadcrumb\":{\"@id\":\"https:\\\/\\\/cjib.cat\\\/es\\\/quienes-somos\\\/organigrama\\\/#breadcrumb\"},\"inLanguage\":\"es\",\"potentialAction\":[{\"@type\":\"ReadAction\",\"target\":[\"https:\\\/\\\/cjib.cat\\\/es\\\/quienes-somos\\\/organigrama\\\/\"]}]},{\"@type\":\"ImageObject\",\"inLanguage\":\"es\",\"@id\":\"https:\\\/\\\/cjib.cat\\\/es\\\/quienes-somos\\\/organigrama\\\/#primaryimage\",\"url\":\"https:\\\/\\\/cjib.cat\\\/wp-content\\\/uploads\\\/2025\\\/03\\\/POST-PRESENTACION_Pau-300x300.jpg\",\"contentUrl\":\"https:\\\/\\\/cjib.cat\\\/wp-content\\\/uploads\\\/2025\\\/03\\\/POST-PRESENTACION_Pau-300x300.jpg\"},{\"@type\":\"BreadcrumbList\",\"@id\":\"https:\\\/\\\/cjib.cat\\\/es\\\/quienes-somos\\\/organigrama\\\/#breadcrumb\",\"itemListElement\":[{\"@type\":\"ListItem\",\"position\":1,\"name\":\"\",\"item\":\"https:\\\/\\\/cjib.cat\\\/es\\\/\"},{\"@type\":\"ListItem\",\"position\":2,\"name\":\"Qui\u00e9nes somos\",\"item\":\"https:\\\/\\\/cjib.cat\\\/es\\\/quienes-somos\\\/\"},{\"@type\":\"ListItem\",\"position\":3,\"name\":\"Organigrama\"}]},{\"@type\":\"WebSite\",\"@id\":\"http:\\\/\\\/cjib.cat\\\/#website\",\"url\":\"http:\\\/\\\/cjib.cat\\\/\",\"name\":\"Consell de Joventut de les Illes Balears\",\"description\":\"\",\"publisher\":{\"@id\":\"http:\\\/\\\/cjib.cat\\\/#organization\"},\"potentialAction\":[{\"@type\":\"SearchAction\",\"target\":{\"@type\":\"EntryPoint\",\"urlTemplate\":\"http:\\\/\\\/cjib.cat\\\/?s={search_term_string}\"},\"query-input\":{\"@type\":\"PropertyValueSpecification\",\"valueRequired\":true,\"valueName\":\"search_term_string\"}}],\"inLanguage\":\"es\"},{\"@type\":\"Organization\",\"@id\":\"http:\\\/\\\/cjib.cat\\\/#organization\",\"name\":\"Consell de Joventut de les Illes Balears\",\"url\":\"http:\\\/\\\/cjib.cat\\\/\",\"logo\":{\"@type\":\"ImageObject\",\"inLanguage\":\"es\",\"@id\":\"http:\\\/\\\/cjib.cat\\\/#\\\/schema\\\/logo\\\/image\\\/\",\"url\":\"https:\\\/\\\/cjib.cat\\\/wp-content\\\/uploads\\\/2024\\\/06\\\/Marca.svg\",\"contentUrl\":\"https:\\\/\\\/cjib.cat\\\/wp-content\\\/uploads\\\/2024\\\/06\\\/Marca.svg\",\"width\":255,\"height\":48,\"caption\":\"Consell de Joventut de les Illes Balears\"},\"image\":{\"@id\":\"http:\\\/\\\/cjib.cat\\\/#\\\/schema\\\/logo\\\/image\\\/\"}}]}<\/script>\n<!-- \/ Yoast SEO plugin. -->","yoast_head_json":{"title":"Organigrama - Consell de Joventut de les Illes Balears","robots":{"index":"index","follow":"follow","max-snippet":"max-snippet:-1","max-image-preview":"max-image-preview:large","max-video-preview":"max-video-preview:-1"},"canonical":"https:\/\/cjib.cat\/es\/quienes-somos\/organigrama\/","og_locale":"es_ES","og_type":"article","og_title":"Organigrama - Consell de Joventut de les Illes Balears","og_description":"CJIB ORGANIGRAMA La Comisi\u00f3n Permanente est\u00e1 formada por: Pau Emili Mu\u00f1oz Canyelles PRESIDENTE Margarita de Noia Blanc VICEPRESIDENTA DE ENTIDADES Ant\u00f2nia Salas Socias VICEPRESIDENTA D&#8217;INCID\u00c8NCIA POL\u00cdTICA Xisco Bibiloni Rotger TRESORER \u00c1lvaro Bonet Santacruz SECRETARI Ariadna Garau Morilla VOCAL Marga Tatiana Duran Nadal VOCAL Mart\u00ed Mus Tur VOCAL","og_url":"https:\/\/cjib.cat\/es\/quienes-somos\/organigrama\/","og_site_name":"Consell de Joventut de les Illes Balears","article_modified_time":"2026-02-10T10:33:57+00:00","og_image":[{"url":"https:\/\/cjib.cat\/wp-content\/uploads\/2025\/03\/POST-PRESENTACION_Pau-300x300.jpg","type":"","width":"","height":""}],"twitter_card":"summary_large_image","twitter_misc":{"Tiempo de lectura":"2 minutos"},"schema":{"@context":"https:\/\/schema.org","@graph":[{"@type":"WebPage","@id":"https:\/\/cjib.cat\/es\/quienes-somos\/organigrama\/","url":"https:\/\/cjib.cat\/es\/quienes-somos\/organigrama\/","name":"Organigrama - Consell de Joventut de les Illes Balears","isPartOf":{"@id":"http:\/\/cjib.cat\/#website"},"primaryImageOfPage":{"@id":"https:\/\/cjib.cat\/es\/quienes-somos\/organigrama\/#primaryimage"},"image":{"@id":"https:\/\/cjib.cat\/es\/quienes-somos\/organigrama\/#primaryimage"},"thumbnailUrl":"https:\/\/cjib.cat\/wp-content\/uploads\/2025\/03\/POST-PRESENTACION_Pau-300x300.jpg","datePublished":"2024-10-07T17:09:36+00:00","dateModified":"2026-02-10T10:33:57+00:00","breadcrumb":{"@id":"https:\/\/cjib.cat\/es\/quienes-somos\/organigrama\/#breadcrumb"},"inLanguage":"es","potentialAction":[{"@type":"ReadAction","target":["https:\/\/cjib.cat\/es\/quienes-somos\/organigrama\/"]}]},{"@type":"ImageObject","inLanguage":"es","@id":"https:\/\/cjib.cat\/es\/quienes-somos\/organigrama\/#primaryimage","url":"https:\/\/cjib.cat\/wp-content\/uploads\/2025\/03\/POST-PRESENTACION_Pau-300x300.jpg","contentUrl":"https:\/\/cjib.cat\/wp-content\/uploads\/2025\/03\/POST-PRESENTACION_Pau-300x300.jpg"},{"@type":"BreadcrumbList","@id":"https:\/\/cjib.cat\/es\/quienes-somos\/organigrama\/#breadcrumb","itemListElement":[{"@type":"ListItem","position":1,"name":"","item":"https:\/\/cjib.cat\/es\/"},{"@type":"ListItem","position":2,"name":"Qui\u00e9nes somos","item":"https:\/\/cjib.cat\/es\/quienes-somos\/"},{"@type":"ListItem","position":3,"name":"Organigrama"}]},{"@type":"WebSite","@id":"http:\/\/cjib.cat\/#website","url":"http:\/\/cjib.cat\/","name":"Consell de Joventut de les Illes Balears","description":"","publisher":{"@id":"http:\/\/cjib.cat\/#organization"},"potentialAction":[{"@type":"SearchAction","target":{"@type":"EntryPoint","urlTemplate":"http:\/\/cjib.cat\/?s={search_term_string}"},"query-input":{"@type":"PropertyValueSpecification","valueRequired":true,"valueName":"search_term_string"}}],"inLanguage":"es"},{"@type":"Organization","@id":"http:\/\/cjib.cat\/#organization","name":"Consell de Joventut de les Illes Balears","url":"http:\/\/cjib.cat\/","logo":{"@type":"ImageObject","inLanguage":"es","@id":"http:\/\/cjib.cat\/#\/schema\/logo\/image\/","url":"https:\/\/cjib.cat\/wp-content\/uploads\/2024\/06\/Marca.svg","contentUrl":"https:\/\/cjib.cat\/wp-content\/uploads\/2024\/06\/Marca.svg","width":255,"height":48,"caption":"Consell de Joventut de les Illes Balears"},"image":{"@id":"http:\/\/cjib.cat\/#\/schema\/logo\/image\/"}}]}},"_links":{"self":[{"href":"https:\/\/cjib.cat\/es\/wp-json\/wp\/v2\/pages\/983","targetHints":{"allow":["GET"]}}],"collection":[{"href":"https:\/\/cjib.cat\/es\/wp-json\/wp\/v2\/pages"}],"about":[{"href":"https:\/\/cjib.cat\/es\/wp-json\/wp\/v2\/types\/page"}],"author":[{"embeddable":true,"href":"https:\/\/cjib.cat\/es\/wp-json\/wp\/v2\/users\/1"}],"replies":[{"embeddable":true,"href":"https:\/\/cjib.cat\/es\/wp-json\/wp\/v2\/comments?post=983"}],"version-history":[{"count":10,"href":"https:\/\/cjib.cat\/es\/wp-json\/wp\/v2\/pages\/983\/revisions"}],"predecessor-version":[{"id":1909,"href":"https:\/\/cjib.cat\/es\/wp-json\/wp\/v2\/pages\/983\/revisions\/1909"}],"up":[{"embeddable":true,"href":"https:\/\/cjib.cat\/es\/wp-json\/wp\/v2\/pages\/954"}],"wp:attachment":[{"href":"https:\/\/cjib.cat\/es\/wp-json\/wp\/v2\/media?parent=983"}],"curies":[{"name":"wp","href":"https:\/\/api.w.org\/{rel}","templated":true}]}}