{"id":954,"date":"2024-09-26T15:32:00","date_gmt":"2024-09-26T13:32:00","guid":{"rendered":"https:\/\/cjib.cat\/quienes-somos\/"},"modified":"2025-03-21T12:45:33","modified_gmt":"2025-03-21T11:45:33","slug":"quienes-somos","status":"publish","type":"page","link":"https:\/\/cjib.cat\/es\/quienes-somos\/","title":{"rendered":"Qui\u00e9nes somos"},"content":{"rendered":"\n<div class=\"wp-block-group is-small-wide has-global-padding is-layout-constrained wp-block-group-is-layout-constrained\">\n<p class=\"has-text-align-center text-with-highlighted\" style=\"padding-top:var(--wp--preset--spacing--m);padding-bottom:var(--wp--preset--spacing--m)\">El Consell de la Joventut de les Illes Balears (CJIB) es una entidad <strong>independiente y el m\u00e1ximo \u00f3rgano de representaci\u00f3n de la juventud isle\u00f1a<\/strong>. Est\u00e1 conformado per diferentes organizaciones de j\u00f3venes de las Islas Baleares.<\/p>\n\n\n\n<h2 class=\"wp-block-heading has-text-align-center has-large-font-size\" style=\"padding-top:var(--wp--preset--spacing--m);padding-bottom:var(--wp--preset--spacing--m)\">La definici\u00f3n jur\u00eddica del CJIB es la siguiente:<\/h2>\n\n\n\n<p class=\"has-text-align-center text-with-highlighted\" style=\"padding-top:var(--wp--preset--spacing--m);padding-bottom:var(--wp--preset--spacing--m)\">\u00abEl Consejo de la Juventud de las Islas Baleares se constituye como una <strong>corporaci\u00f3n p\u00fablica sectorial de base privada<\/strong>, con <strong>personalidad jur\u00eddica propia<\/strong> y con plena capacidad para cumplir sus finalidades\u00bb<\/p>\n\n\n\n<p class=\"has-text-align-center\" style=\"padding-top:var(--wp--preset--spacing--m);padding-bottom:var(--wp--preset--spacing--m)\">Las actuaciones del CJIB se encuentran amparadas por la Ley 5\/2022, de 8 de julio, de pol\u00edticas de juventud de las Islas Baleares. A partir de aqu\u00ed, su funcionamiento interno est\u00e1 regulado por el <a href=\"#\">Reglamento de R\u00e9gimen Interno del CJIB<\/a>, que establece tres \u00f3rganos:<\/p>\n<\/div>\n\n\n\n<div class=\"wp-block-group alignfull quienes__organos has-global-padding is-layout-constrained wp-block-group-is-layout-constrained has-background\" style=\"margin-top:var(--wp--preset--spacing--m);margin-bottom:var(--wp--preset--spacing--m);padding-top:var(--wp--preset--spacing--l);padding-bottom:var(--wp--preset--spacing--l);background-image:url(&apos;http:\/\/cjib.cat\/wp-content\/uploads\/2024\/10\/quim-som-bg.jpg&apos;);background-position:50% 0;background-size:cover;\">\n<div class=\"wp-block-group text-center has-global-padding is-layout-constrained wp-container-core-group-is-layout-046235cd wp-block-group-is-layout-constrained has-background\" style=\"padding-top:var(--wp--preset--spacing--s);padding-bottom:var(--wp--preset--spacing--s);background-image:url(&apos;http:\/\/cjib.cat\/wp-content\/uploads\/2024\/10\/bg-organos-lines.png&apos;);background-position:50% 50%;background-repeat:no-repeat;background-size:contain;\">\n<h3 class=\"wp-block-heading has-text-align-center has-medium-font-size\">ASAMBLEA GENERAL<\/h3>\n\n\n\n<p class=\"has-text-align-center text-bottom-space\">m\u00e1ximo \u00f3rgano de toma de decisiones y representaci\u00f3n de las entidades<\/p>\n\n\n\n<h3 class=\"wp-block-heading has-text-align-center has-medium-font-size\">REUNI\u00d3N PLENARIA<\/h3>\n\n\n\n<p class=\"has-text-align-center text-bottom-space\">\u00f3rgano de trabajo y de seguimiento de acciones entre asamblea y asamblea<\/p>\n\n\n\n<h3 class=\"wp-block-heading has-text-align-center has-medium-font-size\">COMISI\u00d3N PERMANENTE<\/h3>\n\n\n\n<p class=\"has-text-align-center\">\u00f3rgano de ejecuci\u00f3n<\/p>\n<\/div>\n<\/div>\n\n\n\n<div class=\"wp-block-group is-small-wide has-global-padding is-layout-constrained wp-block-group-is-layout-constrained\" style=\"padding-bottom:var(--wp--preset--spacing--xl)\">\n<h2 class=\"wp-block-heading has-text-align-center has-large-font-size\" style=\"padding-top:var(--wp--preset--spacing--l);padding-bottom:var(--wp--preset--spacing--l)\">\u00bfCU\u00c1LES SON NUESTROS OBJETIVOS?<\/h2>\n\n\n\n<ol class=\"wp-block-list blur-dot-style\">\n<li><strong>Defender los intereses y derechos de la juventud <\/strong>en su desarrollo pol\u00edtico, social, econ\u00f3mico y cultural.<\/li>\n\n\n\n<li><strong>Fomentar el asociacionismo<\/strong> juvenil.<\/li>\n\n\n\n<li><strong>Representar al colectivo juvenil y al movimiento asociativo juvenil<\/strong> de las Islas Baleares en las instituciones p\u00fablicas o privadas.<\/li>\n\n\n\n<li><strong>Colaborar con el gobierno de las Islas Baleares<\/strong> en la elaboraci\u00f3n de la pol\u00edtica juvenil.<\/li>\n<\/ol>\n<\/div>\n","protected":false},"excerpt":{"rendered":"<p>El Consell de la Joventut de les Illes Balears (CJIB) es una entidad independiente y el m\u00e1ximo \u00f3rgano de representaci\u00f3n de la juventud isle\u00f1a. Est\u00e1 conformado per diferentes organizaciones de j\u00f3venes de las Islas Baleares. La definici\u00f3n jur\u00eddica del CJIB es la siguiente: \u00abEl Consejo de la Juventud de las Islas Baleares se constituye como [&hellip;]<\/p>\n","protected":false},"author":1,"featured_media":0,"parent":0,"menu_order":1,"comment_status":"closed","ping_status":"closed","template":"","meta":{"_acf_changed":false,"footnotes":""},"class_list":["post-954","page","type-page","status-publish","hentry"],"acf":[],"yoast_head":"<!-- This site is optimized with the Yoast SEO plugin v27.3 - https:\/\/yoast.com\/product\/yoast-seo-wordpress\/ -->\n<title>Qui\u00e9nes somos - Consell de Joventut de les Illes Balears<\/title>\n<meta name=\"robots\" content=\"index, follow, max-snippet:-1, max-image-preview:large, max-video-preview:-1\" \/>\n<link rel=\"canonical\" href=\"https:\/\/cjib.cat\/es\/quienes-somos\/\" \/>\n<meta property=\"og:locale\" content=\"es_ES\" \/>\n<meta property=\"og:type\" content=\"article\" \/>\n<meta property=\"og:title\" content=\"Qui\u00e9nes somos - Consell de Joventut de les Illes Balears\" \/>\n<meta property=\"og:description\" content=\"El Consell de la Joventut de les Illes Balears (CJIB) es una entidad independiente y el m\u00e1ximo \u00f3rgano de representaci\u00f3n de la juventud isle\u00f1a. Est\u00e1 conformado per diferentes organizaciones de j\u00f3venes de las Islas Baleares. La definici\u00f3n jur\u00eddica del CJIB es la siguiente: \u00abEl Consejo de la Juventud de las Islas Baleares se constituye como [&hellip;]\" \/>\n<meta property=\"og:url\" content=\"https:\/\/cjib.cat\/es\/quienes-somos\/\" \/>\n<meta property=\"og:site_name\" content=\"Consell de Joventut de les Illes Balears\" \/>\n<meta property=\"article:modified_time\" content=\"2025-03-21T11:45:33+00:00\" \/>\n<meta name=\"twitter:card\" content=\"summary_large_image\" \/>\n<meta name=\"twitter:label1\" content=\"Tiempo de lectura\" \/>\n\t<meta name=\"twitter:data1\" content=\"2 minutos\" \/>\n<script type=\"application\/ld+json\" class=\"yoast-schema-graph\">{\"@context\":\"https:\\\/\\\/schema.org\",\"@graph\":[{\"@type\":\"WebPage\",\"@id\":\"https:\\\/\\\/cjib.cat\\\/es\\\/quienes-somos\\\/\",\"url\":\"https:\\\/\\\/cjib.cat\\\/es\\\/quienes-somos\\\/\",\"name\":\"Qui\u00e9nes somos - Consell de Joventut de les Illes Balears\",\"isPartOf\":{\"@id\":\"http:\\\/\\\/cjib.cat\\\/#website\"},\"datePublished\":\"2024-09-26T13:32:00+00:00\",\"dateModified\":\"2025-03-21T11:45:33+00:00\",\"breadcrumb\":{\"@id\":\"https:\\\/\\\/cjib.cat\\\/es\\\/quienes-somos\\\/#breadcrumb\"},\"inLanguage\":\"es\",\"potentialAction\":[{\"@type\":\"ReadAction\",\"target\":[\"https:\\\/\\\/cjib.cat\\\/es\\\/quienes-somos\\\/\"]}]},{\"@type\":\"BreadcrumbList\",\"@id\":\"https:\\\/\\\/cjib.cat\\\/es\\\/quienes-somos\\\/#breadcrumb\",\"itemListElement\":[{\"@type\":\"ListItem\",\"position\":1,\"name\":\"\",\"item\":\"https:\\\/\\\/cjib.cat\\\/es\\\/\"},{\"@type\":\"ListItem\",\"position\":2,\"name\":\"Qui\u00e9nes somos\"}]},{\"@type\":\"WebSite\",\"@id\":\"http:\\\/\\\/cjib.cat\\\/#website\",\"url\":\"http:\\\/\\\/cjib.cat\\\/\",\"name\":\"Consell de Joventut de les Illes Balears\",\"description\":\"\",\"publisher\":{\"@id\":\"http:\\\/\\\/cjib.cat\\\/#organization\"},\"potentialAction\":[{\"@type\":\"SearchAction\",\"target\":{\"@type\":\"EntryPoint\",\"urlTemplate\":\"http:\\\/\\\/cjib.cat\\\/?s={search_term_string}\"},\"query-input\":{\"@type\":\"PropertyValueSpecification\",\"valueRequired\":true,\"valueName\":\"search_term_string\"}}],\"inLanguage\":\"es\"},{\"@type\":\"Organization\",\"@id\":\"http:\\\/\\\/cjib.cat\\\/#organization\",\"name\":\"Consell de Joventut de les Illes Balears\",\"url\":\"http:\\\/\\\/cjib.cat\\\/\",\"logo\":{\"@type\":\"ImageObject\",\"inLanguage\":\"es\",\"@id\":\"http:\\\/\\\/cjib.cat\\\/#\\\/schema\\\/logo\\\/image\\\/\",\"url\":\"https:\\\/\\\/cjib.cat\\\/wp-content\\\/uploads\\\/2024\\\/06\\\/Marca.svg\",\"contentUrl\":\"https:\\\/\\\/cjib.cat\\\/wp-content\\\/uploads\\\/2024\\\/06\\\/Marca.svg\",\"width\":255,\"height\":48,\"caption\":\"Consell de Joventut de les Illes Balears\"},\"image\":{\"@id\":\"http:\\\/\\\/cjib.cat\\\/#\\\/schema\\\/logo\\\/image\\\/\"}}]}<\/script>\n<!-- \/ Yoast SEO plugin. -->","yoast_head_json":{"title":"Qui\u00e9nes somos - Consell de Joventut de les Illes Balears","robots":{"index":"index","follow":"follow","max-snippet":"max-snippet:-1","max-image-preview":"max-image-preview:large","max-video-preview":"max-video-preview:-1"},"canonical":"https:\/\/cjib.cat\/es\/quienes-somos\/","og_locale":"es_ES","og_type":"article","og_title":"Qui\u00e9nes somos - Consell de Joventut de les Illes Balears","og_description":"El Consell de la Joventut de les Illes Balears (CJIB) es una entidad independiente y el m\u00e1ximo \u00f3rgano de representaci\u00f3n de la juventud isle\u00f1a. Est\u00e1 conformado per diferentes organizaciones de j\u00f3venes de las Islas Baleares. La definici\u00f3n jur\u00eddica del CJIB es la siguiente: \u00abEl Consejo de la Juventud de las Islas Baleares se constituye como [&hellip;]","og_url":"https:\/\/cjib.cat\/es\/quienes-somos\/","og_site_name":"Consell de Joventut de les Illes Balears","article_modified_time":"2025-03-21T11:45:33+00:00","twitter_card":"summary_large_image","twitter_misc":{"Tiempo de lectura":"2 minutos"},"schema":{"@context":"https:\/\/schema.org","@graph":[{"@type":"WebPage","@id":"https:\/\/cjib.cat\/es\/quienes-somos\/","url":"https:\/\/cjib.cat\/es\/quienes-somos\/","name":"Qui\u00e9nes somos - Consell de Joventut de les Illes Balears","isPartOf":{"@id":"http:\/\/cjib.cat\/#website"},"datePublished":"2024-09-26T13:32:00+00:00","dateModified":"2025-03-21T11:45:33+00:00","breadcrumb":{"@id":"https:\/\/cjib.cat\/es\/quienes-somos\/#breadcrumb"},"inLanguage":"es","potentialAction":[{"@type":"ReadAction","target":["https:\/\/cjib.cat\/es\/quienes-somos\/"]}]},{"@type":"BreadcrumbList","@id":"https:\/\/cjib.cat\/es\/quienes-somos\/#breadcrumb","itemListElement":[{"@type":"ListItem","position":1,"name":"","item":"https:\/\/cjib.cat\/es\/"},{"@type":"ListItem","position":2,"name":"Qui\u00e9nes somos"}]},{"@type":"WebSite","@id":"http:\/\/cjib.cat\/#website","url":"http:\/\/cjib.cat\/","name":"Consell de Joventut de les Illes Balears","description":"","publisher":{"@id":"http:\/\/cjib.cat\/#organization"},"potentialAction":[{"@type":"SearchAction","target":{"@type":"EntryPoint","urlTemplate":"http:\/\/cjib.cat\/?s={search_term_string}"},"query-input":{"@type":"PropertyValueSpecification","valueRequired":true,"valueName":"search_term_string"}}],"inLanguage":"es"},{"@type":"Organization","@id":"http:\/\/cjib.cat\/#organization","name":"Consell de Joventut de les Illes Balears","url":"http:\/\/cjib.cat\/","logo":{"@type":"ImageObject","inLanguage":"es","@id":"http:\/\/cjib.cat\/#\/schema\/logo\/image\/","url":"https:\/\/cjib.cat\/wp-content\/uploads\/2024\/06\/Marca.svg","contentUrl":"https:\/\/cjib.cat\/wp-content\/uploads\/2024\/06\/Marca.svg","width":255,"height":48,"caption":"Consell de Joventut de les Illes Balears"},"image":{"@id":"http:\/\/cjib.cat\/#\/schema\/logo\/image\/"}}]}},"_links":{"self":[{"href":"https:\/\/cjib.cat\/es\/wp-json\/wp\/v2\/pages\/954","targetHints":{"allow":["GET"]}}],"collection":[{"href":"https:\/\/cjib.cat\/es\/wp-json\/wp\/v2\/pages"}],"about":[{"href":"https:\/\/cjib.cat\/es\/wp-json\/wp\/v2\/types\/page"}],"author":[{"embeddable":true,"href":"https:\/\/cjib.cat\/es\/wp-json\/wp\/v2\/users\/1"}],"replies":[{"embeddable":true,"href":"https:\/\/cjib.cat\/es\/wp-json\/wp\/v2\/comments?post=954"}],"version-history":[{"count":6,"href":"https:\/\/cjib.cat\/es\/wp-json\/wp\/v2\/pages\/954\/revisions"}],"predecessor-version":[{"id":1558,"href":"https:\/\/cjib.cat\/es\/wp-json\/wp\/v2\/pages\/954\/revisions\/1558"}],"wp:attachment":[{"href":"https:\/\/cjib.cat\/es\/wp-json\/wp\/v2\/media?parent=954"}],"curies":[{"name":"wp","href":"https:\/\/api.w.org\/{rel}","templated":true}]}}